{"id":26,"date":"2012-08-22T19:45:47","date_gmt":"2012-08-22T22:45:47","guid":{"rendered":"http:\/\/www.puenteaustral.com.ar\/?page_id=26"},"modified":"2012-09-28T16:17:15","modified_gmt":"2012-09-28T19:17:15","slug":"servicios","status":"publish","type":"page","link":"https:\/\/www.puenteaustral.com.ar\/es\/servicios\/","title":{"rendered":"Servicios"},"content":{"rendered":"<img loading=\"lazy\" decoding=\"async\" class=\"alignleft size-full wp-image-398\" title=\"Informaci\u00f3n\" src=\"http:\/\/www.puenteaustral.com.ar\/wp-content\/uploads\/2012\/08\/info.png\" alt=\"Informaci\u00f3n\" width=\"128\" height=\"128\" srcset=\"https:\/\/www.puenteaustral.com.ar\/wp-content\/uploads\/2012\/08\/info.png 128w, https:\/\/www.puenteaustral.com.ar\/wp-content\/uploads\/2012\/08\/info-55x55.png 55w, https:\/\/www.puenteaustral.com.ar\/wp-content\/uploads\/2012\/08\/info-94x94.png 94w, https:\/\/www.puenteaustral.com.ar\/wp-content\/uploads\/2012\/08\/info-86x86.png 86w, https:\/\/www.puenteaustral.com.ar\/wp-content\/uploads\/2012\/08\/info-120x120.png 120w\" sizes=\"auto, (max-width: 128px) 100vw, 128px\" \/><\/p>\n<p style=\"font-family: 'AvenirNextLTPro-Regular'; font-size: 130%;\">En Puente Austral, disponemos de bungalows para 2\/3, para 4\/5\/6, y para 7\/8\/9 personas, con distintas distribuciones de ambientes.<\/p>\n<p style=\"font-family: 'AvenirNextLTPro-Regular'; font-size: 130%;\">Todas las unidades cuentan con, al menos, un dormitorio matrimonial con ba\u00f1o completo en suite, sala de estar\/comedor con sofa-camas y cocina totalmente equipada.<\/p>\n<p style=\"font-family: 'AvenirNextLTPro-Regular'; font-size: 130%;\">Adem\u00e1s, el complejo cuenta con un Sal\u00f3n de Usos M\u00faltiples, disponible para todos los pasajeros.<\/p>\n<hr style=\"float: left; margin: 15px 0;\" \/>\n<div class=\"two-fourth\"><p><img decoding=\"async\" class=\"alignnone\" style=\"width: 100%;\" title=\"Servicios\" src=\"http:\/\/www.puenteaustral.com.ar\/wp-content\/uploads\/2012\/08\/f6.jpg\" alt=\"Servicios\" \/><\/p>\n<\/div>\n<div class=\"two-fourth last\"><h3>Servicios ofrecidos<\/h3>\n<ul style=\"font-family: 'AvenirNextLTPro-Regular';\">\n<li>&#8211; Servicio diario de mucama, con lavado de vajilla inclu\u00eddo.<\/li>\n<li>&#8211; Recambio diario de ropa blanca (toallas y toallones).<\/li>\n<li>&#8211; Llamadas por DDN (Discado Directo Nacional) y DDI (Discado Directo Internacional).<\/li>\n<li>&#8211; Servicio de lavander\u00eda opcional.<\/li>\n<li>&#8211; Sistema de calefacci\u00f3n central por radiadores.<\/li>\n<li>&#8211; Servicio el\u00e9ctrico ininterrumpido (grupo electr\u00f3geno propio).<\/li>\n<li>&#8211; Estacionamiento no cubierto dentro del predio.<\/li>\n<li>&#8211; Accesos para personas con capacidades motoras disminu\u00eddas<\/li>\n<\/ul>\n<\/div>\n<hr style=\"float: left; margin: 15px 0;\" \/>\n<div class=\"two-fourth\"><p><img decoding=\"async\" class=\"alignnone\" style=\"width: 100%;\" title=\"Servicios\" src=\"http:\/\/www.puenteaustral.com.ar\/wp-content\/uploads\/2012\/09\/bariloche-nieve-puente-austral-058-500x375.jpg\" alt=\"Servicios\" \/><\/p>\n<\/div>\n<div class=\"two-fourth last\"><h3>Comodidades<\/h3>\n<ul style=\"font-family: 'AvenirNextLTPro-Regular';\">\n<li>&#8211; Todos los ambientes poseen aberturas con termo-paneles.<\/li>\n<li>&#8211; Todas las habitaciones se encuentran alfombradas.<\/li>\n<li>&#8211; Todos los ambientes poseen cortinas black-out.<\/li>\n<li>&#8211; Conexi\u00f3n a Internet por WI-FI en todas las caba\u00f1as.<\/li>\n<li>&#8211; Televisi\u00f3n por cable.<\/li>\n<li>&#8211; Cunas para beb\u00e9s y sillitas altas para comer.<\/li>\n<li>&#8211; Agua caliente central.<\/li>\n<li>&#8211; Amplios jardines parquizados.<\/li>\n<li>&#8211; \u00c1rea de juegos para los chicos, con tobog\u00e1n, hamacas, casa del \u00e1rbol y metegol.<\/li>\n<li>&#8211; Juegos de mesa y pel\u00edculas en DVD.<\/li>\n<\/ul>\n<\/div>\n<hr style=\"float: left; margin: 15px 0;\" \/>\n<div class=\"two-fourth\"><p><img decoding=\"async\" class=\"alignnone\" style=\"width: 100%;\" title=\"Sal\u00f3n de Usos M\u00faltiples\" src=\"http:\/\/www.puenteaustral.com.ar\/wp-content\/uploads\/2012\/09\/bariloche-puente-austral-060-500x333.jpg\" alt=\"Sal\u00f3n de Usos M\u00faltiples\" \/><\/p>\n<\/div>\n<div class=\"two-fourth last\"><h3>Sal\u00f3n de Usos M\u00faltiples<\/h3>\n<ul style=\"font-family: 'AvenirNextLTPro-Regular';\">\n<li>&#8211; Parrilla, cocina, bacha y extractor de aire.<\/li>\n<li>&#8211; Dos mesas, doce sillas y dos ba\u00f1os.<\/li>\n<li>&#8211; Tenis de Mesa.<\/li>\n<li>&#8211; Cunas para beb\u00e9s y sillitas altas para comer.<\/li>\n<li>&#8211; Juegos de mesa y pel\u00edculas en DVD.<\/li>\n<\/ul>\n<\/div>","protected":false},"excerpt":{"rendered":"<p>En Puente Austral, disponemos de bungalows para 2\/3, para 4\/5\/6, y para 7\/8\/9 personas, con distintas distribuciones de ambientes. Todas las unidades cuentan con, al menos, un dormitorio matrimonial con ba\u00f1o completo en suite, sala de estar\/comedor con sofa-camas y cocina totalmente equipada. Adem\u00e1s, el complejo cuenta con un Sal\u00f3n de Usos M\u00faltiples, disponible para [&hellip;]<\/p>\n","protected":false},"author":1,"featured_media":0,"parent":0,"menu_order":0,"comment_status":"closed","ping_status":"closed","template":"","meta":{"footnotes":""},"class_list":["post-26","page","type-page","status-publish","hentry"],"_links":{"self":[{"href":"https:\/\/www.puenteaustral.com.ar\/es\/wp-json\/wp\/v2\/pages\/26","targetHints":{"allow":["GET"]}}],"collection":[{"href":"https:\/\/www.puenteaustral.com.ar\/es\/wp-json\/wp\/v2\/pages"}],"about":[{"href":"https:\/\/www.puenteaustral.com.ar\/es\/wp-json\/wp\/v2\/types\/page"}],"author":[{"embeddable":true,"href":"https:\/\/www.puenteaustral.com.ar\/es\/wp-json\/wp\/v2\/users\/1"}],"replies":[{"embeddable":true,"href":"https:\/\/www.puenteaustral.com.ar\/es\/wp-json\/wp\/v2\/comments?post=26"}],"version-history":[{"count":45,"href":"https:\/\/www.puenteaustral.com.ar\/es\/wp-json\/wp\/v2\/pages\/26\/revisions"}],"predecessor-version":[{"id":460,"href":"https:\/\/www.puenteaustral.com.ar\/es\/wp-json\/wp\/v2\/pages\/26\/revisions\/460"}],"wp:attachment":[{"href":"https:\/\/www.puenteaustral.com.ar\/es\/wp-json\/wp\/v2\/media?parent=26"}],"curies":[{"name":"wp","href":"https:\/\/api.w.org\/{rel}","templated":true}]}}