{"id":34,"date":"2012-08-22T19:55:45","date_gmt":"2012-08-22T22:55:45","guid":{"rendered":"http:\/\/www.puenteaustral.com.ar\/?page_id=34"},"modified":"2013-07-15T17:03:16","modified_gmt":"2013-07-15T20:03:16","slug":"bungalows","status":"publish","type":"page","link":"https:\/\/www.puenteaustral.com.ar\/es\/bungalows\/","title":{"rendered":"Nuestros Bungalows"},"content":{"rendered":"<img loading=\"lazy\" decoding=\"async\" class=\"alignleft size-full wp-image-398\" style=\"width: 128px; border: none; margin-top: 30px;\" title=\"Informaci\u00f3n\" src=\"http:\/\/www.puenteaustral.com.ar\/wp-content\/uploads\/2012\/08\/info.png\" alt=\"Informaci\u00f3n\" width=\"128\" height=\"128\" srcset=\"https:\/\/www.puenteaustral.com.ar\/wp-content\/uploads\/2012\/08\/info.png 128w, https:\/\/www.puenteaustral.com.ar\/wp-content\/uploads\/2012\/08\/info-55x55.png 55w, https:\/\/www.puenteaustral.com.ar\/wp-content\/uploads\/2012\/08\/info-94x94.png 94w, https:\/\/www.puenteaustral.com.ar\/wp-content\/uploads\/2012\/08\/info-86x86.png 86w, https:\/\/www.puenteaustral.com.ar\/wp-content\/uploads\/2012\/08\/info-120x120.png 120w\" sizes=\"auto, (max-width: 128px) 100vw, 128px\" \/><\/p>\n<p style=\"font-family: 'AvenirNextLTPro-Regular'; font-size: 130%;\">En Puente Austral, disponemos de bungalows para 2\/3, para 4\/5, y para 7\/8 personas, con distintas distribuciones de ambientes.<\/p>\n<p style=\"font-family: 'AvenirNextLTPro-Regular'; font-size: 130%;\">Todas las unidades poseen aberturas con termo-paneles, sistema de calefacci\u00f3n central por radiadores, dormitorios alfombrados, ambientes con cortinas black-out, y servicio el\u00e9ctrico ininterrumpido (grupo electr\u00f3geno propio).<\/p>\n<p style=\"font-family: 'AvenirNextLTPro-Regular'; font-size: 130%; margin-left: 152px;\">Adem\u00e1s, el complejo cuenta con un Sal\u00f3n de Usos M\u00faltiples, disponible para todos los pasajeros.<\/p>\n<hr style=\"margin: 15px 0;\" \/>\n<div class=\"two-third\"><p><img loading=\"lazy\" decoding=\"async\" class=\"alignnone size-large wp-image-596\" title=\"Bungalow 1\" src=\"http:\/\/www.puenteaustral.com.ar\/wp-content\/uploads\/2012\/08\/CEH5799-1024x584.jpg\" alt=\"Bungalow 1\" width=\"640\" height=\"365\" srcset=\"https:\/\/www.puenteaustral.com.ar\/wp-content\/uploads\/2012\/08\/CEH5799-1024x584.jpg 1024w, https:\/\/www.puenteaustral.com.ar\/wp-content\/uploads\/2012\/08\/CEH5799-300x171.jpg 300w, https:\/\/www.puenteaustral.com.ar\/wp-content\/uploads\/2012\/08\/CEH5799-205x118.jpg 205w, https:\/\/www.puenteaustral.com.ar\/wp-content\/uploads\/2012\/08\/CEH5799-700x399.jpg 700w, https:\/\/www.puenteaustral.com.ar\/wp-content\/uploads\/2012\/08\/CEH5799-500x285.jpg 500w, https:\/\/www.puenteaustral.com.ar\/wp-content\/uploads\/2012\/08\/CEH5799.jpg 1600w\" sizes=\"auto, (max-width: 640px) 100vw, 640px\" \/><\/p>\n<\/div>\n<div class=\"one-third last\"><h3>Bungalow N\u00ba 1<\/h3>\n<h4>M\u00e1ximo 6 pax.<\/h4>\n<ul>\n<li>&#8211; Cocina equipada con horno, extractor de aire, heladera, cafetera, microondas, tostadora el\u00e9ctrica, bater\u00eda de cocina y vajilla completa.<\/li>\n<li>&#8211; Living comedor con sillas y mesa de algarrobo, div\u00e1n silla para beb\u00e9 y TV 21&#8243;.<\/li>\n<li>&#8211; Dormitorio principal: 1 sommier (2mt X 1.60mt) y TV LCD 32&#8243;.<\/li>\n<li>&#8211; Dormitorio secundario: 2 sommiers (1.90mt X 0.80mt).<\/li>\n<li>&#8211; Anteba\u00f1o con vanitory.<\/li>\n<li>&#8211; Ba\u00f1o equipado con ba\u00f1adera y ducha, bidet y secador de cabellos.<\/li>\n<li>&#8211; El dormitorio secundario tambi\u00e9n puede convertirse en habitaci\u00f3n matrimonial, con absoluta privacidad.<\/li>\n<\/ul>\n<p><a class=\"ver-galeria\" href=\"..\/galeria-interior\/\">Ver fotos<\/a><\/p>\n<\/div>\n<hr \/>\n<div class=\"two-third\"><p><img loading=\"lazy\" decoding=\"async\" class=\"alignnone size-large wp-image-598\" title=\"Bungalow 2\" src=\"http:\/\/www.puenteaustral.com.ar\/wp-content\/uploads\/2012\/08\/CEH5848-1024x584.jpg\" alt=\"Bungalow 2\" width=\"640\" height=\"365\" srcset=\"https:\/\/www.puenteaustral.com.ar\/wp-content\/uploads\/2012\/08\/CEH5848-1024x584.jpg 1024w, https:\/\/www.puenteaustral.com.ar\/wp-content\/uploads\/2012\/08\/CEH5848-300x171.jpg 300w, https:\/\/www.puenteaustral.com.ar\/wp-content\/uploads\/2012\/08\/CEH5848-205x118.jpg 205w, https:\/\/www.puenteaustral.com.ar\/wp-content\/uploads\/2012\/08\/CEH5848-700x399.jpg 700w, https:\/\/www.puenteaustral.com.ar\/wp-content\/uploads\/2012\/08\/CEH5848-500x285.jpg 500w, https:\/\/www.puenteaustral.com.ar\/wp-content\/uploads\/2012\/08\/CEH5848.jpg 1600w\" sizes=\"auto, (max-width: 640px) 100vw, 640px\" \/><\/p>\n<\/div>\n<div class=\"one-third last\"><h3>Bungalow N\u00ba 2<\/h3>\n<h4>M\u00e1ximo 3 pax.<\/h4>\n<h4>&#8211; Alternativa: Matrimonio + ni\u00f1o + beb\u00e9.<\/h4>\n<ul>\n<li>&#8211; Cocina equipada con horno, extractor de aire, heladera, cafetera, microondas, tostadora el\u00e9ctrica, bater\u00eda de cocina y vajilla completa.<\/li>\n<li>&#8211; Living comedor con sillas y mesa de algarrobo, div\u00e1n, silla para beb\u00e9 y TV 21&#8243;<\/li>\n<li>&#8211; Dormitorio principal con ba\u00f1o en suite: 1 sommier (2mt X 1.60mt) y TV LCD 32&#8243;<\/li>\n<li>&#8211; Ba\u00f1o equipado con ba\u00f1adera y ducha, vanitory, bidet y secador de cabellos.<\/li>\n<\/ul>\n<p><a class=\"ver-galeria\" href=\"..\/galeria-interior\/\">Ver fotos<\/a><\/p>\n<\/div>\n<hr \/>\n<div class=\"two-third\"><p><img loading=\"lazy\" decoding=\"async\" class=\"alignnone size-large wp-image-599\" title=\"Bungalow 3\" src=\"http:\/\/www.puenteaustral.com.ar\/wp-content\/uploads\/2012\/08\/CEH5857-1024x584.jpg\" alt=\"Bungalow 3\" width=\"640\" height=\"365\" srcset=\"https:\/\/www.puenteaustral.com.ar\/wp-content\/uploads\/2012\/08\/CEH5857-1024x584.jpg 1024w, https:\/\/www.puenteaustral.com.ar\/wp-content\/uploads\/2012\/08\/CEH5857-300x171.jpg 300w, https:\/\/www.puenteaustral.com.ar\/wp-content\/uploads\/2012\/08\/CEH5857-205x118.jpg 205w, https:\/\/www.puenteaustral.com.ar\/wp-content\/uploads\/2012\/08\/CEH5857-700x399.jpg 700w, https:\/\/www.puenteaustral.com.ar\/wp-content\/uploads\/2012\/08\/CEH5857-500x285.jpg 500w, https:\/\/www.puenteaustral.com.ar\/wp-content\/uploads\/2012\/08\/CEH5857.jpg 1600w\" sizes=\"auto, (max-width: 640px) 100vw, 640px\" \/><\/p>\n<\/div>\n<div class=\"one-third last\"><h3>Bungalow N\u00ba 3<\/h3>\n<h4>M\u00e1ximo 2 o 3 pax. (en caso que el ocupante tenga disminuciones motoras)<\/h4>\n<ul>\n<li>&#8211; Cocina equipada con horno, extractor de aire, heladera, cafetera, microondas, tostadora el\u00e9ctrica, bater\u00eda de cocina y vajilla completa.<\/li>\n<li>&#8211; Living comedor con sillas y mesa de algarrobo, div\u00e1n, silla para beb\u00e9 y TV 21&#8243;<\/li>\n<li>&#8211; La mesa se encuentra dise\u00f1ada a f\u00edn de que una persona con disminuciones motoras pueda acceder con absoluta libertad y comodidad.<\/li>\n<li>&#8211; Dormitorio principal: 1 sommier (2mt X 1.60mt). En caso que se necesite, la cama de dos plazas puede ser convertida en dos de una plaza.<\/li>\n<li>&#8211; Ba\u00f1o en suite, con ducha y secador de cabellos.<\/li>\n<li>&#8211; Las instalaciones de esta caba\u00f1a est\u00e1n adaptadas para una persona con capacidades motoras disminu\u00eddas (ancho de las puertas, placard, barrales para el inodoro, ducha normal y duchador de mano con silla de ducha, lavamanos con mesada y espejo especialmente dise\u00f1ado).<\/li>\n<\/ul>\n<p><a class=\"ver-galeria\" href=\"..\/galeria-interior\/\">Ver fotos<\/a><\/p>\n<\/div>\n<hr \/>\n<div class=\"two-third\"><p><img loading=\"lazy\" decoding=\"async\" class=\"alignnone size-large wp-image-606\" title=\"Bungalow 4\" src=\"http:\/\/www.puenteaustral.com.ar\/wp-content\/uploads\/2012\/08\/CEH5896-1024x584.jpg\" alt=\"Bungalow 4\" width=\"640\" height=\"365\" srcset=\"https:\/\/www.puenteaustral.com.ar\/wp-content\/uploads\/2012\/08\/CEH5896-1024x584.jpg 1024w, https:\/\/www.puenteaustral.com.ar\/wp-content\/uploads\/2012\/08\/CEH5896-300x171.jpg 300w, https:\/\/www.puenteaustral.com.ar\/wp-content\/uploads\/2012\/08\/CEH5896-205x118.jpg 205w, https:\/\/www.puenteaustral.com.ar\/wp-content\/uploads\/2012\/08\/CEH5896-700x399.jpg 700w, https:\/\/www.puenteaustral.com.ar\/wp-content\/uploads\/2012\/08\/CEH5896-500x285.jpg 500w, https:\/\/www.puenteaustral.com.ar\/wp-content\/uploads\/2012\/08\/CEH5896.jpg 1600w\" sizes=\"auto, (max-width: 640px) 100vw, 640px\" \/><\/p>\n<\/div>\n<div class=\"one-third last\"><h3>Bungalow N\u00ba 4<\/h3>\n<h4>M\u00e1ximo 6 pax.<\/h4>\n<ul>\n<li>&#8211; Cocina equipada con horno, extractor de aire, heladera, cafetera, microondas, tostadora el\u00e9ctrica, bater\u00eda de cocina y vajilla completa.<\/li>\n<li>&#8211; Living comedor con sillas y mesa de algarrobo, div\u00e1n, silla para beb\u00e9 y TV 21&#8243;<\/li>\n<li>&#8211; Dormitorio principal: 1 sommier (2mt X 1.60mt) y TV LCD 32&#8243;<\/li>\n<li>&#8211; Dormitorio secundario: 2 sommiers (1.90mt X 0.80mt).<\/li>\n<li>&#8211; Anteba\u00f1o con vanitory.<\/li>\n<li>&#8211; Ba\u00f1o equipado con ba\u00f1adera y ducha, bidet y secador de cabellos.<\/li>\n<li>&#8211; El dormitorio secundario tambi\u00e9n puede convertirse en habitaci\u00f3n matrimonial, con absoluta privacidad.<\/li>\n<\/ul>\n<p><a class=\"ver-galeria\" href=\"..\/galeria-interior\/\">Ver fotos<\/a><\/p>\n<\/div>\n<hr \/>\n<div class=\"two-third\"><p><img loading=\"lazy\" decoding=\"async\" class=\"alignnone size-large wp-image-601\" title=\"Bungalow 5\" src=\"http:\/\/www.puenteaustral.com.ar\/wp-content\/uploads\/2012\/08\/CEH5954-1024x558.jpg\" alt=\"Bungalow 5\" width=\"640\" height=\"348\" srcset=\"https:\/\/www.puenteaustral.com.ar\/wp-content\/uploads\/2012\/08\/CEH5954-1024x558.jpg 1024w, https:\/\/www.puenteaustral.com.ar\/wp-content\/uploads\/2012\/08\/CEH5954-300x163.jpg 300w, https:\/\/www.puenteaustral.com.ar\/wp-content\/uploads\/2012\/08\/CEH5954-220x120.jpg 220w, https:\/\/www.puenteaustral.com.ar\/wp-content\/uploads\/2012\/08\/CEH5954-700x381.jpg 700w, https:\/\/www.puenteaustral.com.ar\/wp-content\/uploads\/2012\/08\/CEH5954-500x272.jpg 500w, https:\/\/www.puenteaustral.com.ar\/wp-content\/uploads\/2012\/08\/CEH5954.jpg 1600w\" sizes=\"auto, (max-width: 640px) 100vw, 640px\" \/><\/p>\n<\/div>\n<div class=\"one-third last\"><h3>Bungalow N\u00ba 5<\/h3>\n<h4>M\u00e1ximo 7\/8 pax.<\/h4>\n<ul>\n<li>&#8211; Cocina equipada con horno, extractor de aire, heladera, cafetera, microondas, tostadora el\u00e9ctrica, bater\u00eda de cocina y vajilla completa.<\/li>\n<li>&#8211; Living comedor con sillas y mesa de algarrobo, div\u00e1n, silla para beb\u00e9 y TV 29&#8243;<\/li>\n<li>&#8211; Dormitorio principal: 1 sommier (2mt X 1.60mt) y TV LCD 32&#8243;<\/li>\n<li>&#8211; Dormitorio secundario: 2 sommiers (1.90mt X 0.80mt).<\/li>\n<li>&#8211; Entrepiso por escalera desde el comedor, con dos divanes y dos carritos cama.<\/li>\n<li>&#8211; Anteba\u00f1o con vanitory.<\/li>\n<li>&#8211; Ba\u00f1o equipado con ba\u00f1adera y ducha, bidet y secador de cabellos.<\/li>\n<li>&#8211; Sala de estar alfombrada, con cortinas black-out y div\u00e1n<\/li>\n<li>&#8211; El dormitorio secundario tambi\u00e9n puede convertirse en habitaci\u00f3n matrimonial, con absoluta privacidad.<\/li>\n<\/ul>\n<p><a class=\"ver-galeria\" href=\"..\/galeria-interior\/\">Ver fotos<\/a><\/p>\n<\/div>\n<hr \/>\n<div class=\"two-third\"><p><img loading=\"lazy\" decoding=\"async\" class=\"alignnone size-large wp-image-602\" title=\"Bungalow 6\" src=\"http:\/\/www.puenteaustral.com.ar\/wp-content\/uploads\/2012\/08\/CEH5995-1024x682.jpg\" alt=\"Bungalow 6\" width=\"640\" height=\"426\" srcset=\"https:\/\/www.puenteaustral.com.ar\/wp-content\/uploads\/2012\/08\/CEH5995-1024x682.jpg 1024w, https:\/\/www.puenteaustral.com.ar\/wp-content\/uploads\/2012\/08\/CEH5995-300x199.jpg 300w, https:\/\/www.puenteaustral.com.ar\/wp-content\/uploads\/2012\/08\/CEH5995-700x466.jpg 700w, https:\/\/www.puenteaustral.com.ar\/wp-content\/uploads\/2012\/08\/CEH5995-500x333.jpg 500w, https:\/\/www.puenteaustral.com.ar\/wp-content\/uploads\/2012\/08\/CEH5995.jpg 1600w\" sizes=\"auto, (max-width: 640px) 100vw, 640px\" \/><\/p>\n<\/div>\n<div class=\"one-third last\"><h3>Bungalow N\u00ba 6<\/h3>\n<h4>M\u00e1ximo 6 pax.<\/h4>\n<ul>\n<li>&#8211; Cocina equipada con horno, extractor de aire, heladera, cafetera, microondas, tostadora el\u00e9ctrica, bater\u00eda de cocina y vajilla completa.<\/li>\n<li>&#8211; Living comedor con sillas y mesa de algarrobo, div\u00e1n, silla para beb\u00e9 y TV 21&#8243;<\/li>\n<li>&#8211; Dormitorio principal con ba\u00f1o en suite: 1 sommier (2mt X 1.60mt) y TV LCD 32&#8243;<\/li>\n<li>&#8211; Sala de estar doble en entrepiso, por escalera, alfombrado, cortinas black-out y dos divanes.<\/li>\n<li>&#8211; Ba\u00f1o equipado con ba\u00f1adera y ducha, vanitory, bidet y secador de cabellos.<\/li>\n<\/ul>\n<p><a class=\"ver-galeria\" href=\"..\/galeria-interior\/\">Ver fotos<\/a><\/p>\n<\/div>\n<hr \/>\n<div class=\"two-third\"><p><img loading=\"lazy\" decoding=\"async\" class=\"alignnone size-large wp-image-603\" title=\"Bungalow 7\" src=\"http:\/\/www.puenteaustral.com.ar\/wp-content\/uploads\/2012\/08\/CEH6033-1024x584.jpg\" alt=\"Bungalow 7\" width=\"640\" height=\"365\" srcset=\"https:\/\/www.puenteaustral.com.ar\/wp-content\/uploads\/2012\/08\/CEH6033-1024x584.jpg 1024w, https:\/\/www.puenteaustral.com.ar\/wp-content\/uploads\/2012\/08\/CEH6033-300x171.jpg 300w, https:\/\/www.puenteaustral.com.ar\/wp-content\/uploads\/2012\/08\/CEH6033-205x118.jpg 205w, https:\/\/www.puenteaustral.com.ar\/wp-content\/uploads\/2012\/08\/CEH6033-700x399.jpg 700w, https:\/\/www.puenteaustral.com.ar\/wp-content\/uploads\/2012\/08\/CEH6033-500x285.jpg 500w, https:\/\/www.puenteaustral.com.ar\/wp-content\/uploads\/2012\/08\/CEH6033.jpg 1600w\" sizes=\"auto, (max-width: 640px) 100vw, 640px\" \/><\/p>\n<\/div>\n<div class=\"one-third last\"><h3>Bungalow N\u00ba 7<\/h3>\n<h4>M\u00e1ximo 6 pax.<\/h4>\n<ul>\n<li>&#8211; Cocina equipada con horno, extractor de aire, heladera, cafetera, microondas, tostadora el\u00e9ctrica, bater\u00eda de cocina y vajilla completa.<\/li>\n<li>&#8211; Living comedor con sillas y mesa de algarrobo, div\u00e1n, silla para beb\u00e9 y TV 21&#8243;<\/li>\n<li>&#8211; Dormitorio principal con ba\u00f1o en suite: 1 sommier (2mt X 1.60mt) y TV LCD 32&#8243;<\/li>\n<li>&#8211; Sala de estar doble en entrepiso, por escalera, alfombrado, cortinas black-out y dos divanes.<\/li>\n<li>&#8211; Ba\u00f1o equipado con ba\u00f1adera y ducha, vanitory, bidet y secador de cabellos.<\/li>\n<\/ul>\n<p><a class=\"ver-galeria\" href=\"..\/galeria-interior\/\">Ver fotos<\/a><\/p>\n<\/div>\n<hr \/>\n<div class=\"two-third\"><p><img loading=\"lazy\" decoding=\"async\" class=\"alignnone size-large wp-image-604\" title=\"Bungalow 8\" src=\"http:\/\/www.puenteaustral.com.ar\/wp-content\/uploads\/2012\/08\/CEH6054-1024x584.jpg\" alt=\"Bungalow 8\" width=\"640\" height=\"365\" srcset=\"https:\/\/www.puenteaustral.com.ar\/wp-content\/uploads\/2012\/08\/CEH6054-1024x584.jpg 1024w, https:\/\/www.puenteaustral.com.ar\/wp-content\/uploads\/2012\/08\/CEH6054-300x171.jpg 300w, https:\/\/www.puenteaustral.com.ar\/wp-content\/uploads\/2012\/08\/CEH6054-205x118.jpg 205w, https:\/\/www.puenteaustral.com.ar\/wp-content\/uploads\/2012\/08\/CEH6054-700x399.jpg 700w, https:\/\/www.puenteaustral.com.ar\/wp-content\/uploads\/2012\/08\/CEH6054-500x285.jpg 500w, https:\/\/www.puenteaustral.com.ar\/wp-content\/uploads\/2012\/08\/CEH6054.jpg 1600w\" sizes=\"auto, (max-width: 640px) 100vw, 640px\" \/><\/p>\n<\/div>\n<div class=\"one-third last\"><h3>Bungalow N\u00ba 8<\/h3>\n<h4>M\u00e1ximo 7\/8 pax.<\/h4>\n<ul>\n<li>&#8211; Cocina equipada con horno, extractor de aire, heladera, cafetera, microondas, tostadora el\u00e9ctrica, bater\u00eda de cocina y vajilla completa.<\/li>\n<li>&#8211; Living comedor con sillas y mesa de algarrobo, div\u00e1n, silla para beb\u00e9 y TV 29&#8243;<\/li>\n<li>&#8211; Dormitorio principal: 1 sommier (2mt X 1.60mt) y TV LCD 32&#8243;<\/li>\n<li>&#8211; Dormitorio secundario: 2 sommiers (1.90mt X 0.80mt).<\/li>\n<li>&#8211; Entrepiso por escalera desde el comedor, con dos divanes y dos carritos cama.<\/li>\n<li>&#8211; Anteba\u00f1o con vanitory.<\/li>\n<li>&#8211; Ba\u00f1o equipado con ba\u00f1adera y ducha, bidet y secador de cabellos.<\/li>\n<li>&#8211; Sala de estar alfombrada, con cortinas black-out y div\u00e1n<\/li>\n<li>&#8211; El dormitorio secundario tambi\u00e9n puede convertirse en habitaci\u00f3n matrimonial, con absoluta privacidad.<\/li>\n<\/ul>\n<p><a class=\"ver-galeria\" href=\"..\/galeria-interior\/\">Ver fotos<\/a><\/p>\n<\/div>","protected":false},"excerpt":{"rendered":"<p>En Puente Austral, disponemos de bungalows para 2\/3, para 4\/5, y para 7\/8 personas, con distintas distribuciones de ambientes. Todas las unidades poseen aberturas con termo-paneles, sistema de calefacci\u00f3n central por radiadores, dormitorios alfombrados, ambientes con cortinas black-out, y servicio el\u00e9ctrico ininterrumpido (grupo electr\u00f3geno propio). Adem\u00e1s, el complejo cuenta con un Sal\u00f3n de Usos M\u00faltiples, [&hellip;]<\/p>\n","protected":false},"author":1,"featured_media":0,"parent":0,"menu_order":0,"comment_status":"closed","ping_status":"closed","template":"","meta":{"footnotes":""},"class_list":["post-34","page","type-page","status-publish","hentry"],"_links":{"self":[{"href":"https:\/\/www.puenteaustral.com.ar\/es\/wp-json\/wp\/v2\/pages\/34","targetHints":{"allow":["GET"]}}],"collection":[{"href":"https:\/\/www.puenteaustral.com.ar\/es\/wp-json\/wp\/v2\/pages"}],"about":[{"href":"https:\/\/www.puenteaustral.com.ar\/es\/wp-json\/wp\/v2\/types\/page"}],"author":[{"embeddable":true,"href":"https:\/\/www.puenteaustral.com.ar\/es\/wp-json\/wp\/v2\/users\/1"}],"replies":[{"embeddable":true,"href":"https:\/\/www.puenteaustral.com.ar\/es\/wp-json\/wp\/v2\/comments?post=34"}],"version-history":[{"count":51,"href":"https:\/\/www.puenteaustral.com.ar\/es\/wp-json\/wp\/v2\/pages\/34\/revisions"}],"predecessor-version":[{"id":610,"href":"https:\/\/www.puenteaustral.com.ar\/es\/wp-json\/wp\/v2\/pages\/34\/revisions\/610"}],"wp:attachment":[{"href":"https:\/\/www.puenteaustral.com.ar\/es\/wp-json\/wp\/v2\/media?parent=34"}],"curies":[{"name":"wp","href":"https:\/\/api.w.org\/{rel}","templated":true}]}}